{"id":430,"date":"2020-04-10T21:37:07","date_gmt":"2020-04-10T19:37:07","guid":{"rendered":"http:\/\/openartworld.org\/?page_id=430"},"modified":"2025-10-30T09:23:30","modified_gmt":"2025-10-30T08:23:30","slug":"a-propos","status":"publish","type":"page","link":"https:\/\/openartworld.org\/es\/a-propos\/","title":{"rendered":"A PROPOSITO"},"content":{"rendered":"<div   class=\"vc_row wpb_row vc_row-fluid\"  style=\"\"  data-token=\"48wzC\"><div class=\"wpb_column vc_column_container vc_col-sm-4\"><div class=\"vc_column-inner\"><div class=\"wpb_wrapper\">\n\t<div class=\"wpb_text_column wpb_content_element\" >\n\t\t<div class=\"wpb_wrapper\">\n\t\t\t<h3 style=\"text-align: left;\"><img decoding=\"async\" loading=\"lazy\" class=\"size-full wp-image-432 alignleft\" src=\"http:\/\/openartworld.org\/wp-content\/uploads\/2020\/04\/logo200-1-e1586548726574.png\" alt=\"\" width=\"100\" height=\"100\" \/><br \/>\nAl igual que su identidad visual que simboliza estos intercambios entre disciplinas y culturas art\u00edsticas, Open Art World desea, a trav\u00e9s de sus experimentos art\u00edsticos y acciones colectivas, dar vida a este punto central donde las disciplinas y las culturas se unen en una especie de fusi\u00f3n sin fronteras.<br \/>\nAl igual que su nombre, Open Art World tambi\u00e9n desea abrir sus puertas a un p\u00fablico participativo ansioso por descubrir el arte en todas sus formas.<\/h3>\n<h3 style=\"text-align: left;\">En 2017, el colectivo se form\u00f3 como una asociaci\u00f3n (ley de 1901 - Francia) con los objetivos siguientes :<\/h3>\n<h3 style=\"text-align: left;\"><strong>. Creaci\u00f3n de espacios para intercambios culturales y art\u00edsticos abiertos a todos, con intervenciones sostenibles en diferentes territorios.<br \/>\n. Promoci\u00f3n de artistas, realizaci\u00f3n y organizaci\u00f3n de encuentros art\u00edsticos, experimentaci\u00f3n y fusi\u00f3n de artes, talentos y culturas.<br \/>\n. Sostenibilidad de proyectos gracias a la cooperaci\u00f3n con estructuras locales que interact\u00faan con las poblaciones.<br \/>\n. Intercambio art\u00edstico, geogr\u00e1fico y cultural.<\/strong><\/h3>\n\n\t\t<\/div>\n\t<\/div>\n<\/div><\/div><\/div><div class=\"wpb_column vc_column_container vc_col-sm-4\"><div class=\"vc_column-inner\"><div class=\"wpb_wrapper\"><div style=\"clear:both; width:100%; height:40px\"><\/div>\n\t<div class=\"wpb_text_column wpb_content_element\" >\n\t\t<div class=\"wpb_wrapper\">\n\t\t\t<h2 style=\"text-align: center;\"><strong>Presentaci\u00f3n del colectivo<\/strong><\/h2>\n\n\t\t<\/div>\n\t<\/div>\n\n\t<div class=\"wpb_text_column wpb_content_element\" >\n\t\t<div class=\"wpb_wrapper\">\n\t\t\t<h3><img decoding=\"async\" loading=\"lazy\" class=\"alignnone wp-image-761 aligncenter\" src=\"http:\/\/openartworld.org\/wp-content\/uploads\/2020\/04\/boisoaw.jpg\" alt=\"\" width=\"356\" height=\"194\" \/><\/h3>\n<h3 style=\"text-align: center;\">Para conocer todos los detalles, todas las acciones realizadas desde 2015,<br \/>\ndescargue el archivo completo en pdf.<br \/>\n<a href=\"http:\/\/openartworld.org\/wp-content\/uploads\/2020\/04\/oaw_fr_2020.pdf\" target=\"_blank\" rel=\"noopener noreferrer\">version francesa<\/a><br \/>\n<a href=\"http:\/\/openartworld.org\/wp-content\/uploads\/2023\/08\/doc_oaw_2023_es.pdf\" target=\"_blank\" rel=\"noopener noreferrer\">version espa\u00f1ol<\/a><\/h3>\n\n\t\t<\/div>\n\t<\/div>\n<div style=\"clear:both; width:100%; height:15px\"><\/div>\n\t<div class=\"wpb_text_column wpb_content_element\" >\n\t\t<div class=\"wpb_wrapper\">\n\t\t\t<h2 style=\"text-align: center;\"><strong>OPEN ART WORLD MUSIC<\/strong><\/h2>\n\n\t\t<\/div>\n\t<\/div>\n\n\t<div class=\"wpb_raw_code wpb_content_element wpb_raw_html\" >\n\t\t<div class=\"wpb_wrapper\">\n\t\t\t<p><iframe width=\"100%\" height=\"300\" scrolling=\"no\" frameborder=\"no\" allow=\"autoplay\" src=\"https:\/\/w.soundcloud.com\/player\/?url=https%3A\/\/api.soundcloud.com\/playlists\/205966704&color=%23ff5500&auto_play=false&hide_related=false&show_comments=true&show_user=true&show_reposts=false&show_teaser=true&visual=true\"><\/iframe><\/p>\n\t\t<\/div>\n\t<\/div>\n<\/div><\/div><\/div><div class=\"wpb_column vc_column_container vc_col-sm-4\"><div class=\"vc_column-inner\"><div class=\"wpb_wrapper\">\n\t<div class=\"wpb_text_column wpb_content_element\" >\n\t\t<div class=\"wpb_wrapper\">\n\t\t\t<p><img decoding=\"async\" loading=\"lazy\" class=\"alignnone size-full wp-image-567\" src=\"http:\/\/openartworld.org\/wp-content\/uploads\/2020\/04\/logo_oawtvnoir.png\" alt=\"\" width=\"300\" height=\"201\" \/><\/p>\n\n\t\t<\/div>\n\t<\/div>\n<div  class=\"vc_wp_custommenu wpb_content_element\"><div class=\"widget widget_nav_menu\"><h2 class=\"widgettitle\">Solicite el programa!<\/h2><div class=\"menu-oaw-webtv-container\"><ul id=\"menu-oaw-webtv\" class=\"menu\"><li id=\"menu-item-600\" class=\"menu-item menu-item-type-post_type menu-item-object-page menu-item-600\"><a href=\"https:\/\/openartworld.org\/es\/tesoros-de-la-isla\/\">\u2022\u00a0TESOROS DE UNA ISLA \u2022<\/a><\/li>\n<li id=\"menu-item-688\" class=\"menu-item menu-item-type-post_type menu-item-object-page menu-item-688\"><a href=\"https:\/\/openartworld.org\/es\/reportages\/\">\u2022\u00a0REPORTAJES \u2022<\/a><\/li>\n<li id=\"menu-item-601\" class=\"menu-item menu-item-type-post_type menu-item-object-page menu-item-601\"><a href=\"https:\/\/openartworld.org\/es\/cuando-sali-de-mi-casa\/\">\u2022\u00a0CUANDO SALI DE MI CASA \u2022<\/a><\/li>\n<li id=\"menu-item-891\" class=\"menu-item menu-item-type-post_type menu-item-object-page menu-item-891\"><a href=\"https:\/\/openartworld.org\/es\/oaw-music\/\">\u2022\u00a0OAW MUSIC \u2022<\/a><\/li>\n<li id=\"menu-item-614\" class=\"menu-item menu-item-type-post_type menu-item-object-page menu-item-614\"><a href=\"https:\/\/openartworld.org\/es\/handycam-music\/\">\u2022\u00a0HANDYCAM MUSIC \u2022<\/a><\/li>\n<li id=\"menu-item-689\" class=\"menu-item menu-item-type-post_type menu-item-object-page menu-item-689\"><a href=\"https:\/\/openartworld.org\/es\/remember-the-times\/\">\u2022\u00a0REMEMBER THE TIMES \u2022<\/a><\/li>\n<li id=\"menu-item-687\" class=\"menu-item menu-item-type-post_type menu-item-object-page menu-item-687\"><a href=\"https:\/\/openartworld.org\/es\/oaw-events\/\">\u2022 OAW EVENTOS \u2022<\/a><\/li>\n<li id=\"menu-item-1460\" class=\"menu-item menu-item-type-post_type menu-item-object-page menu-item-1460\"><a href=\"https:\/\/openartworld.org\/es\/oaw-festival-2023\/\">\u2022\u00a0OAW FESTIVAL 2023 \u2022<\/a><\/li>\n<\/ul><\/div><\/div><\/div><div  class=\"vc_wp_custommenu wpb_content_element\"><\/div><div class=\"dt-service-elem content-left no-fill\"><div class=\"dt-service-icon\"><i class=\"fa fa-envelope-square\"><\/i><\/div><div class=\"dt-service-content\"><p><a href=\"mailto:contact@openartworld.org\">Cont\u00e1ctenos<\/a><\/p><\/div><\/div><\/div><\/div><\/div><\/div><div   class=\"vc_row wpb_row vc_row-fluid\"  style=\"\"  data-token=\"7Ch8H\"><div class=\"wpb_column vc_column_container vc_col-sm-12\"><div class=\"vc_column-inner\"><div class=\"wpb_wrapper\"><div style=\"clear:both; width:100%; height:15px\"><\/div><\/div><\/div><\/div><\/div><div   class=\"vc_row wpb_row vc_row-fluid\"  style=\"\"  data-token=\"L1RPY\"><div class=\"wpb_column vc_column_container vc_col-sm-12\"><div class=\"vc_column-inner\"><div class=\"wpb_wrapper\"><div class=\"teams-carousel\"><div id=\"owl-teams-fbf\" class=\"owl-carousel teams-slider\" data-token=\"2vVVF\"><div class=\"team-member\"><a href=\"https:\/\/openartworld.org\/wp-content\/uploads\/2025\/10\/zunzun_.jpg\" rel=\"prettyPhoto\" title=\"Antonio D Jesus\"><span class=\"item-on-hover\"><span class=\"hover-image\"><i class=\"fa fa-search\"><\/i><\/span><\/span><img alt=\"Antonio D Jesus\" class=\"lazy grayscale\" data-original=\"https:\/\/openartworld.org\/wp-content\/uploads\/2025\/10\/zunzun_.jpg\" width=\"300\"  height=\"300\" \/><\/a><div class=\"team-text\"><h3><span>Antonio D Jesus<\/span><\/h3><h6>Open Art World Cuba<\/h6><p>Musicien - R\u00e9alisateur<\/p><\/div><div class=\"team-social\"><\/div><\/div><div class=\"team-member\"><a href=\"https:\/\/openartworld.org\/wp-content\/uploads\/2025\/10\/louna_.jpg\" rel=\"prettyPhoto\" title=\"Louna\"><span class=\"item-on-hover\"><span class=\"hover-image\"><i class=\"fa fa-search\"><\/i><\/span><\/span><img alt=\"Louna\" class=\"lazy grayscale\" data-original=\"https:\/\/openartworld.org\/wp-content\/uploads\/2025\/10\/louna_.jpg\" width=\"584\"  height=\"584\" \/><\/a><div class=\"team-text\"><h3><span>Louna<\/span><\/h3><h6>Artiste<\/h6><p>Danse - Arts du cirque<\/p><\/div><div class=\"team-social\"><\/div><\/div><div class=\"team-member\"><a href=\"https:\/\/openartworld.org\/wp-content\/uploads\/2020\/04\/fanou1.jpg\" rel=\"prettyPhoto\" title=\"Fanou\"><span class=\"item-on-hover\"><span class=\"hover-image\"><i class=\"fa fa-search\"><\/i><\/span><\/span><img alt=\"Fanou\" class=\"lazy grayscale\" data-original=\"https:\/\/openartworld.org\/wp-content\/uploads\/2020\/04\/fanou1.jpg\" width=\"270\"  height=\"270\" \/><\/a><div class=\"team-text\"><h3><span>Fanou<\/span><\/h3><h6>Street artist<\/h6><p>Hang Woman<\/p><\/div><div class=\"team-social\"><\/div><\/div><div class=\"team-member\"><a href=\"https:\/\/openartworld.org\/wp-content\/uploads\/2020\/04\/anne1.jpg\" rel=\"prettyPhoto\" title=\"Anne Schilling\"><span class=\"item-on-hover\"><span class=\"hover-image\"><i class=\"fa fa-search\"><\/i><\/span><\/span><img alt=\"Anne Schilling\" class=\"lazy grayscale\" data-original=\"https:\/\/openartworld.org\/wp-content\/uploads\/2020\/04\/anne1.jpg\" width=\"270\"  height=\"270\" \/><\/a><div class=\"team-text\"><h3><span>Anne Schilling<\/span><\/h3><h6>Artista pl\u00e1stico - Dise\u00f1adora<\/h6><p>Talleres Artes Pl\u00e1sticas<\/p><\/div><div class=\"team-social\"><\/div><\/div><div class=\"team-member\"><a href=\"https:\/\/openartworld.org\/wp-content\/uploads\/2020\/04\/kriss1.jpg\" rel=\"prettyPhoto\" title=\"Kriss Mars\"><span class=\"item-on-hover\"><span class=\"hover-image\"><i class=\"fa fa-search\"><\/i><\/span><\/span><img alt=\"Kriss Mars\" class=\"lazy grayscale\" data-original=\"https:\/\/openartworld.org\/wp-content\/uploads\/2020\/04\/kriss1.jpg\" width=\"270\"  height=\"270\" \/><\/a><div class=\"team-text\"><h3><span>Kriss Mars<\/span><\/h3><h6>vide\u00f3grafa<\/h6><p>Presidente de la Asociaci\u00f3n<\/p><\/div><div class=\"team-social\"><\/div><\/div><div class=\"team-member\"><a href=\"https:\/\/openartworld.org\/wp-content\/uploads\/2020\/04\/alden1.jpg\" rel=\"prettyPhoto\" title=\"Alden del Toro\"><span class=\"item-on-hover\"><span class=\"hover-image\"><i class=\"fa fa-search\"><\/i><\/span><\/span><img alt=\"Alden del Toro\" class=\"lazy grayscale\" data-original=\"https:\/\/openartworld.org\/wp-content\/uploads\/2020\/04\/alden1.jpg\" width=\"270\"  height=\"270\" \/><\/a><div class=\"team-text\"><h3><span>Alden del Toro<\/span><\/h3><h6>M\u00fasico<\/h6><p>Fundador de Open Art World<\/p><\/div><div class=\"team-social\"><\/div><\/div><div class=\"team-member\"><a href=\"https:\/\/openartworld.org\/wp-content\/uploads\/2020\/04\/zinz1.jpg\" rel=\"prettyPhoto\" title=\"Zindine Aksa\"><span class=\"item-on-hover\"><span class=\"hover-image\"><i class=\"fa fa-search\"><\/i><\/span><\/span><img alt=\"Zindine Aksa\" class=\"lazy grayscale\" data-original=\"https:\/\/openartworld.org\/wp-content\/uploads\/2020\/04\/zinz1.jpg\" width=\"270\"  height=\"270\" \/><\/a><div class=\"team-text\"><h3><span>Zindine Aksa<\/span><\/h3><h6>Director Art\u00edstico<\/h6><p>Dise\u00f1ador de la identidad gr\u00e1fica<\/p><\/div><div class=\"team-social\"><\/div><\/div><\/div><\/div><\/div><\/div><\/div><\/div>","protected":false},"excerpt":{"rendered":"","protected":false},"author":3,"featured_media":0,"parent":0,"menu_order":0,"comment_status":"closed","ping_status":"closed","template":"","meta":[],"_links":{"self":[{"href":"https:\/\/openartworld.org\/es\/wp-json\/wp\/v2\/pages\/430"}],"collection":[{"href":"https:\/\/openartworld.org\/es\/wp-json\/wp\/v2\/pages"}],"about":[{"href":"https:\/\/openartworld.org\/es\/wp-json\/wp\/v2\/types\/page"}],"author":[{"embeddable":true,"href":"https:\/\/openartworld.org\/es\/wp-json\/wp\/v2\/users\/3"}],"replies":[{"embeddable":true,"href":"https:\/\/openartworld.org\/es\/wp-json\/wp\/v2\/comments?post=430"}],"version-history":[{"count":38,"href":"https:\/\/openartworld.org\/es\/wp-json\/wp\/v2\/pages\/430\/revisions"}],"predecessor-version":[{"id":1491,"href":"https:\/\/openartworld.org\/es\/wp-json\/wp\/v2\/pages\/430\/revisions\/1491"}],"wp:attachment":[{"href":"https:\/\/openartworld.org\/es\/wp-json\/wp\/v2\/media?parent=430"}],"curies":[{"name":"wp","href":"https:\/\/api.w.org\/{rel}","templated":true}]}}