{"id":433,"date":"2020-04-10T21:53:11","date_gmt":"2020-04-10T19:53:11","guid":{"rendered":"http:\/\/openartworld.org\/?page_id=433"},"modified":"2024-02-12T09:48:59","modified_gmt":"2024-02-12T08:48:59","slug":"oaw-webtv","status":"publish","type":"page","link":"https:\/\/openartworld.org\/es\/oaw-webtv\/","title":{"rendered":"OAW webtv"},"content":{"rendered":"<div   class=\"vc_row wpb_row vc_row-fluid\"  style=\"\"  data-token=\"IEkIc\"><div class=\"wpb_column vc_column_container vc_col-sm-12\"><div class=\"vc_column-inner\"><div class=\"wpb_wrapper\">\n\t<div class=\"wpb_text_column wpb_content_element\" >\n\t\t<div class=\"wpb_wrapper\">\n\t\t\t<h4>OAW Web Tele est la cha\u00eene d&rsquo;Open Art World. C&rsquo;est un espace d\u00e9di\u00e9 \u00e0 la cr\u00e9ation des productions audiovisuelles et \u00e9v\u00e9nementielles r\u00e9alis\u00e9es par le collectif (Clips, reportages, documentaires, promotion d&rsquo;artistes, festival, rencontres artistiques). Retrouvez toutes les archives sur <a href=\"https:\/\/www.youtube.com\/@openartworldwebtv\" target=\"_blank\" rel=\"noopener\">nuestro canal de YouTube.<\/a><\/h4>\n\n\t\t<\/div>\n\t<\/div>\n<\/div><\/div><\/div><\/div><div   class=\"vc_row wpb_row vc_row-fluid\"  style=\"\"  data-token=\"l7GFC\"><div class=\"wpb_column vc_column_container vc_col-sm-12\"><div class=\"vc_column-inner\"><div class=\"wpb_wrapper\"><div style=\"clear:both; width:100%; height:15px\"><\/div><\/div><\/div><\/div><div class=\"wpb_column vc_column_container vc_col-sm-3\"><div class=\"vc_column-inner\"><div class=\"wpb_wrapper\"><div class=\"vc-hoverbox-wrapper  vc-hoverbox-shape--rounded vc-hoverbox-align--center vc-hoverbox-direction--default vc-hoverbox-width--100\" >\n  <div class=\"vc-hoverbox\">\n    <div class=\"vc-hoverbox-inner\">\n      <div class=\"vc-hoverbox-block vc-hoverbox-front\" style=\"background-image: url(https:\/\/openartworld.org\/wp-content\/uploads\/2023\/09\/cartel_light-725x1024.jpg);\">\n        <div class=\"vc-hoverbox-block-inner vc-hoverbox-front-inner\">\n            \n        <\/div>\n      <\/div>\n      <div class=\"vc-hoverbox-block vc-hoverbox-back\" style=\"background-color: #ebebeb;\">\n        <div class=\"vc-hoverbox-block-inner vc-hoverbox-back-inner\">\n            <h2 style=\"text-align:center\">Festival OAW 2023<\/h2>\n            <p><a href=\"https:\/\/openartworld.org\/es\/oaw-festival-2023\/\">Souvenirs du festival Open Art World 2023 a la Tartana Can Massanet &#8211; Vilafant &#8211; Espagne<\/a><\/p>\n\n            \n        <\/div>\n      <\/div>\n    <\/div>\n  <\/div>\n<\/div><\/div><\/div><\/div><div class=\"wpb_column vc_column_container vc_col-sm-3\"><div class=\"vc_column-inner vc_custom_1587745658430\"><div class=\"wpb_wrapper\"><div class=\"vc-hoverbox-wrapper  vc-hoverbox-shape--rounded vc-hoverbox-align--center vc-hoverbox-direction--default vc-hoverbox-width--100\" >\n  <div class=\"vc-hoverbox\">\n    <div class=\"vc-hoverbox-inner\">\n      <div class=\"vc-hoverbox-block vc-hoverbox-front\" style=\"background-image: url(https:\/\/openartworld.org\/wp-content\/uploads\/2020\/04\/reportages.jpg);\">\n        <div class=\"vc-hoverbox-block-inner vc-hoverbox-front-inner\">\n            \n        <\/div>\n      <\/div>\n      <div class=\"vc-hoverbox-block vc-hoverbox-back\" style=\"background-color: #ebebeb;\">\n        <div class=\"vc-hoverbox-block-inner vc-hoverbox-back-inner\">\n            <h2 style=\"text-align:center\">Reportajes<\/h2>\n            <p><a href=\"http:\/\/openartworld.org\/index.php\/reportages\/\">Producciones audiovisuales realizadas por Open Art World.<\/a><\/p>\n\n            \n        <\/div>\n      <\/div>\n    <\/div>\n  <\/div>\n<\/div><\/div><\/div><\/div><div class=\"wpb_column vc_column_container vc_col-sm-3\"><div class=\"vc_column-inner vc_custom_1587745679246\"><div class=\"wpb_wrapper\"><div class=\"vc-hoverbox-wrapper  vc-hoverbox-shape--rounded vc-hoverbox-align--center vc-hoverbox-direction--default vc-hoverbox-width--100\" >\n  <div class=\"vc-hoverbox\">\n    <div class=\"vc-hoverbox-inner\">\n      <div class=\"vc-hoverbox-block vc-hoverbox-front\" style=\"background-image: url(https:\/\/openartworld.org\/wp-content\/uploads\/2020\/04\/events.jpg);\">\n        <div class=\"vc-hoverbox-block-inner vc-hoverbox-front-inner\">\n            \n        <\/div>\n      <\/div>\n      <div class=\"vc-hoverbox-block vc-hoverbox-back\" style=\"background-color: #ebebeb;\">\n        <div class=\"vc-hoverbox-block-inner vc-hoverbox-back-inner\">\n            <h2 style=\"text-align:center\">OAW Events<\/h2>\n            <p><a href=\"http:\/\/openartworld.org\/index.php\/oaw-events\/\">Desde el principio, con su primera residencia musical, Open Art World ha organizado regularmente reuniones art\u00edsticas, talleres multidisciplinarios y eventos festivos gratuitos abiertos a todos.<\/a><\/p>\n\n            \n        <\/div>\n      <\/div>\n    <\/div>\n  <\/div>\n<\/div><\/div><\/div><\/div><div class=\"wpb_column vc_column_container vc_col-sm-3\"><div class=\"vc_column-inner\"><div class=\"wpb_wrapper\"><div class=\"vc-hoverbox-wrapper  vc-hoverbox-shape--rounded vc-hoverbox-align--center vc-hoverbox-direction--default vc-hoverbox-width--100\" >\n  <div class=\"vc-hoverbox\">\n    <div class=\"vc-hoverbox-inner\">\n      <div class=\"vc-hoverbox-block vc-hoverbox-front\" style=\"background-image: url(https:\/\/openartworld.org\/wp-content\/uploads\/2020\/07\/music2.jpg);\">\n        <div class=\"vc-hoverbox-block-inner vc-hoverbox-front-inner\">\n            \n        <\/div>\n      <\/div>\n      <div class=\"vc-hoverbox-block vc-hoverbox-back\" style=\"background-color: #ebebeb;\">\n        <div class=\"vc-hoverbox-block-inner vc-hoverbox-back-inner\">\n            <h2 style=\"text-align:center\">OAW Music<\/h2>\n            <p><a href=\"http:\/\/openartworld.org\/es\/%e2%80%a2-oaw-music-%e2%80%a2\/\">Musique originale et sans fronti\u00e8res, r\u00e9p\u00e9titions, r\u00e9sidences musicales, clips.<\/a><\/p>\n\n            \n        <\/div>\n      <\/div>\n    <\/div>\n  <\/div>\n<\/div><\/div><\/div><\/div><\/div><div   class=\"vc_row wpb_row vc_row-fluid\"  style=\"\"  data-token=\"L40G1\"><div class=\"wpb_column vc_column_container vc_col-sm-3\"><div class=\"vc_column-inner vc_custom_1587745569361\"><div class=\"wpb_wrapper\"><div class=\"vc-hoverbox-wrapper  vc-hoverbox-shape--rounded vc-hoverbox-align--center vc-hoverbox-direction--default vc-hoverbox-width--100\" >\n  <div class=\"vc-hoverbox\">\n    <div class=\"vc-hoverbox-inner\">\n      <div class=\"vc-hoverbox-block vc-hoverbox-front\" style=\"background-image: url(https:\/\/openartworld.org\/wp-content\/uploads\/2020\/04\/cuando.jpg);\">\n        <div class=\"vc-hoverbox-block-inner vc-hoverbox-front-inner\">\n            \n        <\/div>\n      <\/div>\n      <div class=\"vc-hoverbox-block vc-hoverbox-back\" style=\"background-color: #ebebeb;\">\n        <div class=\"vc-hoverbox-block-inner vc-hoverbox-back-inner\">\n            <h2 style=\"text-align:center\">Cuando Sali de Mi Casa<\/h2>\n            <p><a href=\"http:\/\/openartworld.org\/index.php\/cuando-sali-de-mi-casa\/\">Retratos de cubanos que dejaron su isla para irse a otro lado.<\/a><\/p>\n\n            \n        <\/div>\n      <\/div>\n    <\/div>\n  <\/div>\n<\/div><\/div><\/div><\/div><div class=\"wpb_column vc_column_container vc_col-sm-3\"><div class=\"vc_column-inner vc_custom_1587745596046\"><div class=\"wpb_wrapper\"><div class=\"vc-hoverbox-wrapper  vc-hoverbox-shape--rounded vc-hoverbox-align--center vc-hoverbox-direction--default vc-hoverbox-width--100\" >\n  <div class=\"vc-hoverbox\">\n    <div class=\"vc-hoverbox-inner\">\n      <div class=\"vc-hoverbox-block vc-hoverbox-front\" style=\"background-image: url(https:\/\/openartworld.org\/wp-content\/uploads\/2020\/04\/handycam.jpg);\">\n        <div class=\"vc-hoverbox-block-inner vc-hoverbox-front-inner\">\n            \n        <\/div>\n      <\/div>\n      <div class=\"vc-hoverbox-block vc-hoverbox-back\" style=\"background-color: #ebebeb;\">\n        <div class=\"vc-hoverbox-block-inner vc-hoverbox-back-inner\">\n            <h2 style=\"text-align:center\">Handycam Music<\/h2>\n            <p><a href=\"http:\/\/openartworld.org\/index.php\/handycam-music\/\">Una miradita al pasado, sumergidos en el ambiente de conciertos y otros momentos de las noches habaneras.<\/a><\/p>\n\n            \n        <\/div>\n      <\/div>\n    <\/div>\n  <\/div>\n<\/div><\/div><\/div><\/div><div class=\"wpb_column vc_column_container vc_col-sm-3\"><div class=\"vc_column-inner vc_custom_1587745615059\"><div class=\"wpb_wrapper\"><div class=\"vc-hoverbox-wrapper  vc-hoverbox-shape--rounded vc-hoverbox-align--center vc-hoverbox-direction--default vc-hoverbox-width--100\" >\n  <div class=\"vc-hoverbox\">\n    <div class=\"vc-hoverbox-inner\">\n      <div class=\"vc-hoverbox-block vc-hoverbox-front\" style=\"background-image: url(https:\/\/openartworld.org\/wp-content\/uploads\/2020\/04\/tesoros.jpg);\">\n        <div class=\"vc-hoverbox-block-inner vc-hoverbox-front-inner\">\n            \n        <\/div>\n      <\/div>\n      <div class=\"vc-hoverbox-block vc-hoverbox-back\" style=\"background-color: #ebebeb;\">\n        <div class=\"vc-hoverbox-block-inner vc-hoverbox-back-inner\">\n            <h2 style=\"text-align:center\">Tesoros de Una Isla<\/h2>\n            <p><a href=\"http:\/\/openartworld.org\/index.php\/tesoros-de-la-isla\/\">En la Isla de Pinos (Cuba), famosa por sus historias de piratas, hay artistas que son tesoros, Tesoros de Una Isla.<\/a><\/p>\n\n            \n        <\/div>\n      <\/div>\n    <\/div>\n  <\/div>\n<\/div><\/div><\/div><\/div><div class=\"wpb_column vc_column_container vc_col-sm-3\"><div class=\"vc_column-inner vc_custom_1587745635778\"><div class=\"wpb_wrapper\"><div class=\"vc-hoverbox-wrapper  vc-hoverbox-shape--rounded vc-hoverbox-align--center vc-hoverbox-direction--default vc-hoverbox-width--100\" >\n  <div class=\"vc-hoverbox\">\n    <div class=\"vc-hoverbox-inner\">\n      <div class=\"vc-hoverbox-block vc-hoverbox-front\" style=\"background-image: url(https:\/\/openartworld.org\/wp-content\/uploads\/2020\/04\/remember.jpg);\">\n        <div class=\"vc-hoverbox-block-inner vc-hoverbox-front-inner\">\n            \n        <\/div>\n      <\/div>\n      <div class=\"vc-hoverbox-block vc-hoverbox-back\" style=\"background-color: #ebebeb;\">\n        <div class=\"vc-hoverbox-block-inner vc-hoverbox-back-inner\">\n            <h2 style=\"text-align:center\">Remember the Times<\/h2>\n            <p><a href=\"http:\/\/openartworld.org\/index.php\/remember-the-times\/\">Lo inclasificable, los momentos suspendidos, las aventuras, los encuentros ...<\/a><\/p>\n\n            \n        <\/div>\n      <\/div>\n    <\/div>\n  <\/div>\n<\/div><\/div><\/div><\/div><\/div>","protected":false},"excerpt":{"rendered":"OAW Web Tele est la cha\u00eene d'Open Art World. C'est un espace d\u00e9di\u00e9 \u00e0 la cr\u00e9ation des productions audiovisuelles et \u00e9v\u00e9nementielles r\u00e9alis\u00e9es par le collectif...<p class=\"readmore\"><a class=\"more-btn\" href=\"https:\/\/openartworld.org\/es\/oaw-webtv\/\">Read More<\/a><\/p>","protected":false},"author":3,"featured_media":0,"parent":0,"menu_order":0,"comment_status":"closed","ping_status":"closed","template":"","meta":[],"_links":{"self":[{"href":"https:\/\/openartworld.org\/es\/wp-json\/wp\/v2\/pages\/433"}],"collection":[{"href":"https:\/\/openartworld.org\/es\/wp-json\/wp\/v2\/pages"}],"about":[{"href":"https:\/\/openartworld.org\/es\/wp-json\/wp\/v2\/types\/page"}],"author":[{"embeddable":true,"href":"https:\/\/openartworld.org\/es\/wp-json\/wp\/v2\/users\/3"}],"replies":[{"embeddable":true,"href":"https:\/\/openartworld.org\/es\/wp-json\/wp\/v2\/comments?post=433"}],"version-history":[{"count":16,"href":"https:\/\/openartworld.org\/es\/wp-json\/wp\/v2\/pages\/433\/revisions"}],"predecessor-version":[{"id":1466,"href":"https:\/\/openartworld.org\/es\/wp-json\/wp\/v2\/pages\/433\/revisions\/1466"}],"wp:attachment":[{"href":"https:\/\/openartworld.org\/es\/wp-json\/wp\/v2\/media?parent=433"}],"curies":[{"name":"wp","href":"https:\/\/api.w.org\/{rel}","templated":true}]}}