{"id":650,"date":"2020-04-18T22:59:54","date_gmt":"2020-04-18T20:59:54","guid":{"rendered":"http:\/\/openartworld.org\/?page_id=650"},"modified":"2025-11-19T19:20:25","modified_gmt":"2025-11-19T18:20:25","slug":"test-home","status":"publish","type":"page","link":"https:\/\/openartworld.org\/es\/","title":{"rendered":"INICIO"},"content":{"rendered":"<div   class=\"vc_row wpb_row vc_row-fluid\"  style=\"\"  data-token=\"W90ou\"><div class=\"wpb_column vc_column_container vc_col-sm-12\"><div class=\"vc_column-inner\"><div class=\"wpb_wrapper\"><div class=\"wpb_revslider_element wpb_content_element\">\n<div id=\"rev_slider_8_1_wrapper\" class=\"rev_slider_wrapper fullwidthbanner-container\" data-source=\"gallery\" style=\"margin:0px auto;background:transparent;padding:0px;margin-top:0px;margin-bottom:0px;\">\n<!-- START REVOLUTION SLIDER 5.4.8 fullwidth mode -->\n\t<div id=\"rev_slider_8_1\" class=\"rev_slider fullwidthabanner\" style=\"display:none;\" data-version=\"5.4.8\">\n<ul>\t<!-- SLIDE  -->\n\t<li data-index=\"rs-8\" data-transition=\"fade\" data-slotamount=\"default\" data-hideafterloop=\"0\" data-hideslideonmobile=\"off\"  data-easein=\"default\" data-easeout=\"default\" data-masterspeed=\"300\"  data-rotate=\"0\"  data-saveperformance=\"off\"  data-title=\"Slide\" data-param1=\"\" data-param2=\"\" data-param3=\"\" data-param4=\"\" data-param5=\"\" data-param6=\"\" data-param7=\"\" data-param8=\"\" data-param9=\"\" data-param10=\"\" data-description=\"\">\n\t\t<!-- MAIN IMAGE -->\n\t\t<img src=\"https:\/\/openartworld.org\/wp-content\/uploads\/2020\/04\/patchwork.jpg\"  alt=\"\" title=\"patchwork\"  width=\"1200\" height=\"450\" data-bgposition=\"center center\" data-bgfit=\"cover\" data-bgrepeat=\"no-repeat\" class=\"rev-slidebg\" data-no-retina>\n\t\t<!-- LAYERS -->\n\t<\/li>\n<\/ul>\n<div class=\"tp-bannertimer tp-bottom\" style=\"visibility: hidden !important;\"><\/div>\t<\/div>\n<script>var htmlDiv = document.getElementById(\"rs-plugin-settings-inline-css\"); var htmlDivCss=\"\";\r\n\t\t\t\tif(htmlDiv) {\r\n\t\t\t\t\thtmlDiv.innerHTML = htmlDiv.innerHTML + htmlDivCss;\r\n\t\t\t\t}else{\r\n\t\t\t\t\tvar htmlDiv = document.createElement(\"div\");\r\n\t\t\t\t\thtmlDiv.innerHTML = \"<style>\" + htmlDivCss + \"<\/style>\";\r\n\t\t\t\t\tdocument.getElementsByTagName(\"head\")[0].appendChild(htmlDiv.childNodes[0]);\r\n\t\t\t\t}\r\n\t\t\t<\/script>\n\t\t<script type=\"text\/javascript\">\r\nif (setREVStartSize!==undefined) setREVStartSize(\r\n\t{c: '#rev_slider_8_1', gridwidth: [1240], gridheight: [480], sliderLayout: 'fullwidth'});\r\n\t\t\t\r\nvar revapi8,\r\n\ttpj;\t\r\n(function() {\t\t\t\r\n\tif (!\/loaded|interactive|complete\/.test(document.readyState)) document.addEventListener(\"DOMContentLoaded\",onLoad); else onLoad();\t\r\n\tfunction onLoad() {\t\t\t\t\r\n\t\tif (tpj===undefined) { tpj = jQuery; if(\"off\" == \"on\") tpj.noConflict();}\r\n\tif(tpj(\"#rev_slider_8_1\").revolution == undefined){\n\t\trevslider_showDoubleJqueryError(\"#rev_slider_8_1\");\n\t}else{\n\t\trevapi8 = tpj(\"#rev_slider_8_1\").show().revolution({\n\t\t\tsliderType:\"hero\",\n\t\t\tjsFileLocation:\"\/\/openartworld.org\/wp-content\/plugins\/revslider\/public\/assets\/js\/\",\n\t\t\tsliderLayout:\"fullwidth\",\n\t\t\tdottedOverlay:\"none\",\n\t\t\tdelay:9000,\n\t\t\tvisibilityLevels:[1240,1024,778,480],\n\t\t\tgridwidth:1240,\n\t\t\tgridheight:480,\n\t\t\tlazyType:\"none\",\n\t\t\tshadow:0,\n\t\t\tspinner:\"spinner0\",\n\t\t\tautoHeight:\"off\",\n\t\t\tdisableProgressBar:\"on\",\n\t\t\thideThumbsOnMobile:\"off\",\n\t\t\thideSliderAtLimit:0,\n\t\t\thideCaptionAtLimit:0,\n\t\t\thideAllCaptionAtLilmit:0,\n\t\t\tdebugMode:false,\n\t\t\tfallbacks: {\n\t\t\t\tsimplifyAll:\"off\",\n\t\t\t\tdisableFocusListener:false,\n\t\t\t}\n\t\t});\n\t}; \/* END OF revapi call *\/\n\t\n }; \/* END OF ON LOAD FUNCTION *\/\r\n}()); \/* END OF WRAPPING FUNCTION *\/\r\n<\/script>\r\n\t\t<\/div><!-- END REVOLUTION SLIDER --><\/div><\/div><\/div><\/div><\/div><div   class=\"vc_row wpb_row vc_row-fluid\"  style=\"\"  data-token=\"B69oV\"><div class=\"wpb_column vc_column_container vc_col-sm-12\"><div class=\"vc_column-inner\"><div class=\"wpb_wrapper\"><div style=\"clear:both; width:100%; height:15px\"><\/div><div class=\"dt-title-wrapper\"><h1 class=\"section-title\">OPEN ART WORLD<\/h1><\/div><h2 class=\"section-tagline\">Colectivo Art\u00edstico Multidisciplinario Sin Fronteras<\/h2><div style=\"clear:both; width:100%; height:15px\"><\/div>\n\t<div class=\"wpb_text_column wpb_content_element\" >\n\t\t<div class=\"wpb_wrapper\">\n\t\t\t<p><img decoding=\"async\" loading=\"lazy\" class=\"wp-image-1499 alignleft\" src=\"http:\/\/openartworld.org\/wp-content\/uploads\/2025\/11\/afiche_logos_web.jpg\" alt=\"\" width=\"190\" height=\"269\" srcset=\"https:\/\/openartworld.org\/wp-content\/uploads\/2025\/11\/afiche_logos_web.jpg 707w, https:\/\/openartworld.org\/wp-content\/uploads\/2025\/11\/afiche_logos_web-212x300.jpg 212w, https:\/\/openartworld.org\/wp-content\/uploads\/2025\/11\/afiche_logos_web-8x12.jpg 8w\" sizes=\"(max-width: 190px) 100vw, 190px\" \/><strong>Proximamente : Residencia Art\u00edstica Internacional<\/strong><\/p>\n<div class=\"page\" title=\"Page 1\">\n<div class=\"layoutArea\">\n<div class=\"column\">\n<p><strong>\u00ab\u00a0INSULAE MONDI\u00a0\u00bb - Artes y Tradiciones de las islas<\/strong><\/p>\n<p>La universidad Jesus Montan\u00e9 Oropesa, de la Isla de la Juventud<br \/>\ny el colectivo art\u00edstico internacional \u00ab Open Art World \u00bb<br \/>\nproponen un encuentro anual, un espacio donde<br \/>\nse presentaran grupos art\u00edsticos universitarios y<br \/>\naficionados de las artes y tradiciones de las islas y<br \/>\nartistas invitados a esta primera edici\u00f3n.<\/p>\n<p><a href=\"https:\/\/openartworld.org\/insulaemondi.pdf\" target=\"_blank\" rel=\"noopener\">Pour en savoir plus\u00a0<\/a><\/p>\n<\/div>\n<\/div>\n<\/div>\n\n\t\t<\/div>\n\t<\/div>\n<\/div><\/div><\/div><\/div><div   class=\"vc_row wpb_row vc_row-fluid\"  style=\"\"  data-token=\"K5hjQ\"><div class=\"wpb_column vc_column_container vc_col-sm-8\"><div class=\"vc_column-inner\"><div class=\"wpb_wrapper\">\n\t<div class=\"wpb_text_column wpb_content_element\" >\n\t\t<div class=\"wpb_wrapper\">\n\t\t\t<h3 class=\"wp-block-group__inner-container\"><strong><img decoding=\"async\" loading=\"lazy\" class=\"size-full wp-image-432 alignleft\" src=\"http:\/\/openartworld.org\/wp-content\/uploads\/2020\/04\/logo200-1-e1586548726574.png\" alt=\"\" width=\"100\" height=\"100\" \/><\/strong>Creado en 2015 en Marsella (Francia) con la m\u00fasica como hilo conductor, Open Art World se ha convertido, con el tiempo, en la base de proyectos que re\u00fanen diversas disciplinas art\u00edsticas, interact\u00faan con artistas de diferentes horizontes culturales y geogr\u00e1ficos y favorecen  relaciones de intercambio con las comunidades locales.<\/h3>\n\n\t\t<\/div>\n\t<\/div>\n<div class=\"vc_row wpb_row vc_inner vc_row-fluid\"><div class=\"wpb_column vc_column_container vc_col-sm-4\"><div class=\"vc_column-inner\"><div class=\"wpb_wrapper\">\n\t<div class=\"wpb_text_column wpb_content_element\" >\n\t\t<div class=\"wpb_wrapper\">\n\t\t\t<p><strong>Convivencias art\u00edsticas<br \/>\n<img decoding=\"async\" loading=\"lazy\" class=\"alignnone size-full wp-image-668\" src=\"http:\/\/openartworld.org\/wp-content\/uploads\/2020\/04\/team.jpg\" alt=\"\" width=\"300\" height=\"200\" \/><\/strong><br \/>\n<strong>Reunirse con artistas de diferentes pa\u00edses y pr\u00e1cticas art\u00edsticas<\/strong> en un lugar com\u00fan  a tiempo completo (dormir, comer, trabajar, intercambiar, buscar, crear) con el objetivo de crear intercambios art\u00edsticos, culturales y geogr\u00e1ficos en relaci\u00f3n con comunidades locales del lugar de convivencia.<\/p>\n\n\t\t<\/div>\n\t<\/div>\n<\/div><\/div><\/div><div class=\"wpb_column vc_column_container vc_col-sm-4\"><div class=\"vc_column-inner\"><div class=\"wpb_wrapper\">\n\t<div class=\"wpb_text_column wpb_content_element\" >\n\t\t<div class=\"wpb_wrapper\">\n\t\t\t<p><strong>Apoyo a los Artistas<br \/>\n<\/strong><strong><img decoding=\"async\" loading=\"lazy\" class=\"size-full wp-image-667 alignnone\" src=\"http:\/\/openartworld.org\/wp-content\/uploads\/2020\/04\/yoandy.jpg\" alt=\"\" width=\"300\" height=\"200\" \/><\/strong><br \/>\n<strong>Apoyar a los artistas en la realizaci\u00f3n de sus proyectos<\/strong> proporcion\u00e1ndoles recursos humanos, materiales y art\u00edsticos del colectivo. Herramientas de comunicaci\u00f3n multimedia, asistencia en la producci\u00f3n y promoci\u00f3n de espect\u00e1culos, creaciones, etc.<\/p>\n\n\t\t<\/div>\n\t<\/div>\n<\/div><\/div><\/div><div class=\"wpb_column vc_column_container vc_col-sm-4\"><div class=\"vc_column-inner\"><div class=\"wpb_wrapper\">\n\t<div class=\"wpb_text_column wpb_content_element\" >\n\t\t<div class=\"wpb_wrapper\">\n\t\t\t<p><strong>Cooperaci\u00f3n con las comunidades<br \/>\n<\/strong><strong><img decoding=\"async\" loading=\"lazy\" class=\"alignnone size-full wp-image-669\" src=\"http:\/\/openartworld.org\/wp-content\/uploads\/2020\/04\/feuilles.jpg\" alt=\"\" width=\"300\" height=\"200\" \/><\/strong><br \/>\n<strong>Ofrecer alternativas al desarrollo art\u00edstico, cultural e intelectual<\/strong> de las comunidades locales (en particular, ni\u00f1os y adolescentes) y la posibilidad de descubrir su propia creatividad a trav\u00e9s de talleres, convivencias, espect\u00e1culos y otros eventos o estilos de vida.<\/p>\n\n\t\t<\/div>\n\t<\/div>\n<\/div><\/div><\/div><\/div><div style=\"clear:both; width:100%; height:30px\"><\/div>\n\t<div class=\"wpb_text_column wpb_content_element\" >\n\t\t<div class=\"wpb_wrapper\">\n\t\t\t<h3>Desde su creaci\u00f3n, <strong>Open Art World tambi\u00e9n ha producido contenidos audiovisuales<\/strong> que dan testimonio de las diversas acciones llevadas a cabo entre las costas del mar Mediterr\u00e1neo y del Caribe, pero tambi\u00e9n creaciones y reportajes dedicados al arte, a la cultura y a los seres humanos encontrados en la ruta.<\/h3>\n<h3 class=\"wp-block-group__inner-container\">Esto es lo que queremos compartir con ustedes en este sitio: nuestras acciones, nuestras creaciones y nuestras producciones. Bienvenido, disfrute de su visita y <a href=\"http:\/\/openartworld.org\/index.php\/contact\/\">cont\u00e1ctenos<\/a> si desea saber m\u00e1s.<\/h3>\n\n\t\t<\/div>\n\t<\/div>\n\n\t<div  class=\"wpb_single_image wpb_content_element vc_align_center\">\n\t\t\n\t\t<figure class=\"wpb_wrapper vc_figure\">\n\t\t\t<div class=\"vc_single_image-wrapper   vc_box_border_grey\"><img width=\"150\" height=\"150\" src=\"https:\/\/openartworld.org\/wp-content\/uploads\/2020\/04\/logo200-1-150x150.png\" class=\"vc_single_image-img attachment-thumbnail\" alt=\"\" decoding=\"async\" loading=\"lazy\" srcset=\"https:\/\/openartworld.org\/wp-content\/uploads\/2020\/04\/logo200-1-150x150.png 150w, https:\/\/openartworld.org\/wp-content\/uploads\/2020\/04\/logo200-1-e1586548726574.png 100w\" sizes=\"(max-width: 150px) 100vw, 150px\" \/><\/div>\n\t\t<\/figure>\n\t<\/div>\n<\/div><\/div><\/div><div class=\"wpb_column vc_column_container vc_col-sm-4\"><div class=\"vc_column-inner\"><div class=\"wpb_wrapper\">\n\t<div class=\"wpb_text_column wpb_content_element\" >\n\t\t<div class=\"wpb_wrapper\">\n\t\t\t<h2 style=\"text-align: center;\"><strong>OPEN ART WORLD MUSIC<\/strong><\/h2>\n\n\t\t<\/div>\n\t<\/div>\n\n\t<div class=\"wpb_raw_code wpb_content_element wpb_raw_html\" >\n\t\t<div class=\"wpb_wrapper\">\n\t\t\t<p><iframe width=\"100%\" height=\"300\" scrolling=\"no\" frameborder=\"no\" allow=\"autoplay\" src=\"https:\/\/w.soundcloud.com\/player\/?url=https%3A\/\/api.soundcloud.com\/playlists\/205966704&color=%23ff5500&auto_play=false&hide_related=false&show_comments=true&show_user=true&show_reposts=false&show_teaser=true&visual=true\"><\/iframe><\/p>\n\t\t<\/div>\n\t<\/div>\n\n\t<div class=\"wpb_text_column wpb_content_element\" >\n\t\t<div class=\"wpb_wrapper\">\n\t\t\t<h3 style=\"text-align: center;\"><img decoding=\"async\" loading=\"lazy\" class=\"alignnone size-full wp-image-567 aligncenter\" src=\"http:\/\/openartworld.org\/wp-content\/uploads\/2020\/04\/logo_oawtvnoir.png\" alt=\"\" width=\"300\" height=\"201\"><strong>Solicite el programa!<\/strong><\/h3>\n\n\t\t<\/div>\n\t<\/div>\n<div  class=\"vc_wp_custommenu wpb_content_element\"><div class=\"widget widget_nav_menu\"><div class=\"menu-oaw-webtv-container\"><ul id=\"menu-oaw-webtv\" class=\"menu\"><li id=\"menu-item-600\" class=\"menu-item menu-item-type-post_type menu-item-object-page menu-item-600\"><a href=\"https:\/\/openartworld.org\/es\/tesoros-de-la-isla\/\">\u2022\u00a0TESOROS DE UNA ISLA \u2022<\/a><\/li>\n<li id=\"menu-item-688\" class=\"menu-item menu-item-type-post_type menu-item-object-page menu-item-688\"><a href=\"https:\/\/openartworld.org\/es\/reportages\/\">\u2022\u00a0REPORTAJES \u2022<\/a><\/li>\n<li id=\"menu-item-601\" class=\"menu-item menu-item-type-post_type menu-item-object-page menu-item-601\"><a href=\"https:\/\/openartworld.org\/es\/cuando-sali-de-mi-casa\/\">\u2022\u00a0CUANDO SALI DE MI CASA \u2022<\/a><\/li>\n<li id=\"menu-item-891\" class=\"menu-item menu-item-type-post_type menu-item-object-page menu-item-891\"><a href=\"https:\/\/openartworld.org\/es\/oaw-music\/\">\u2022\u00a0OAW MUSIC \u2022<\/a><\/li>\n<li id=\"menu-item-614\" class=\"menu-item menu-item-type-post_type menu-item-object-page menu-item-614\"><a href=\"https:\/\/openartworld.org\/es\/handycam-music\/\">\u2022\u00a0HANDYCAM MUSIC \u2022<\/a><\/li>\n<li id=\"menu-item-689\" class=\"menu-item menu-item-type-post_type menu-item-object-page menu-item-689\"><a href=\"https:\/\/openartworld.org\/es\/remember-the-times\/\">\u2022\u00a0REMEMBER THE TIMES \u2022<\/a><\/li>\n<li id=\"menu-item-687\" class=\"menu-item menu-item-type-post_type menu-item-object-page menu-item-687\"><a href=\"https:\/\/openartworld.org\/es\/oaw-events\/\">\u2022 OAW EVENTOS \u2022<\/a><\/li>\n<li id=\"menu-item-1460\" class=\"menu-item menu-item-type-post_type menu-item-object-page menu-item-1460\"><a href=\"https:\/\/openartworld.org\/es\/oaw-festival-2023\/\">\u2022\u00a0OAW FESTIVAL 2023 \u2022<\/a><\/li>\n<\/ul><\/div><\/div><\/div><\/div><\/div><\/div><\/div>","protected":false},"excerpt":{"rendered":"var htmlDiv = document.getElementById(\"rs-plugin-settings-inline-css\"); var htmlDivCss=\"\"; if(htmlDiv) { htmlDiv.innerHTML = htmlDiv.innerHTML + htmlDivCss; }else{ var htmlDiv = document.createElement(\"div\"); htmlDiv.innerHTML = \"\" + htmlDivCss + \"\";...<p class=\"readmore\"><a class=\"more-btn\" href=\"https:\/\/openartworld.org\/es\/\">Read More<\/a><\/p>","protected":false},"author":3,"featured_media":0,"parent":0,"menu_order":0,"comment_status":"closed","ping_status":"closed","template":"","meta":[],"_links":{"self":[{"href":"https:\/\/openartworld.org\/es\/wp-json\/wp\/v2\/pages\/650"}],"collection":[{"href":"https:\/\/openartworld.org\/es\/wp-json\/wp\/v2\/pages"}],"about":[{"href":"https:\/\/openartworld.org\/es\/wp-json\/wp\/v2\/types\/page"}],"author":[{"embeddable":true,"href":"https:\/\/openartworld.org\/es\/wp-json\/wp\/v2\/users\/3"}],"replies":[{"embeddable":true,"href":"https:\/\/openartworld.org\/es\/wp-json\/wp\/v2\/comments?post=650"}],"version-history":[{"count":30,"href":"https:\/\/openartworld.org\/es\/wp-json\/wp\/v2\/pages\/650\/revisions"}],"predecessor-version":[{"id":1501,"href":"https:\/\/openartworld.org\/es\/wp-json\/wp\/v2\/pages\/650\/revisions\/1501"}],"wp:attachment":[{"href":"https:\/\/openartworld.org\/es\/wp-json\/wp\/v2\/media?parent=650"}],"curies":[{"name":"wp","href":"https:\/\/api.w.org\/{rel}","templated":true}]}}